{"id":2002,"date":"2025-11-28T15:12:22","date_gmt":"2025-11-28T20:12:22","guid":{"rendered":"https:\/\/dieztreintayseis.com\/?page_id=2002"},"modified":"2026-01-13T13:34:36","modified_gmt":"2026-01-13T18:34:36","slug":"politicas","status":"publish","type":"page","link":"https:\/\/dieztreintayseis.com\/en\/politicas\/","title":{"rendered":"Policies"},"content":{"rendered":"<style>.kb-row-layout-id2002_7e6e3c-6e > .kt-row-column-wrap{align-content:start;}:where(.kb-row-layout-id2002_7e6e3c-6e > .kt-row-column-wrap) > .wp-block-kadence-column{justify-content:start;}.kb-row-layout-id2002_7e6e3c-6e > .kt-row-column-wrap{column-gap:var(--global-kb-gap-md, 2rem);row-gap:var(--global-kb-gap-md, 2rem);max-width:700px;margin-left:auto;margin-right:auto;padding-top:var(--global-kb-spacing-5xl, 10rem);padding-bottom:var(--global-kb-spacing-xxl, 5rem);grid-template-columns:minmax(0, 1fr);}.kb-row-layout-id2002_7e6e3c-6e{background-image:url('http:\/\/dieztreintayseis.com\/wp-content\/uploads\/2025\/08\/banner-de-contacto_.webp');background-size:cover;background-position:center center;background-attachment:scroll;background-repeat:no-repeat;}.kb-row-layout-id2002_7e6e3c-6e > .kt-row-layout-overlay{opacity:0.60;background-color:var(--global-palette3, #1A202C);mix-blend-mode:normal;}@media all and (max-width: 1024px){.kb-row-layout-id2002_7e6e3c-6e > .kt-row-column-wrap{grid-template-columns:minmax(0, 1fr);}}@media all and (max-width: 767px){.kb-row-layout-id2002_7e6e3c-6e > .kt-row-column-wrap{grid-template-columns:minmax(0, 1fr);}}<\/style><div class=\"kb-row-layout-wrap kb-row-layout-id2002_7e6e3c-6e alignnone kt-row-has-bg wp-block-kadence-rowlayout\"><div class=\"kt-row-layout-overlay kt-row-overlay-normal\"><\/div><div class=\"kt-row-column-wrap kt-has-1-columns kt-row-layout-equal kt-tab-layout-inherit kt-mobile-layout-row kt-row-valign-top\">\n<style>.kadence-column2002_d2553f-bf > .kt-inside-inner-col,.kadence-column2002_d2553f-bf > .kt-inside-inner-col:before{border-top-left-radius:0px;border-top-right-radius:0px;border-bottom-right-radius:0px;border-bottom-left-radius:0px;}.kadence-column2002_d2553f-bf > .kt-inside-inner-col{column-gap:var(--global-kb-gap-sm, 1rem);}.kadence-column2002_d2553f-bf > .kt-inside-inner-col{flex-direction:column;}.kadence-column2002_d2553f-bf > .kt-inside-inner-col > .aligncenter{width:100%;}.kadence-column2002_d2553f-bf > .kt-inside-inner-col:before{opacity:0.3;}.kadence-column2002_d2553f-bf{position:relative;}@media all and (max-width: 1024px){.kadence-column2002_d2553f-bf > .kt-inside-inner-col{flex-direction:column;justify-content:center;}}@media all and (max-width: 767px){.kadence-column2002_d2553f-bf > .kt-inside-inner-col{flex-direction:column;justify-content:center;}}<\/style>\n<div class=\"wp-block-kadence-column kadence-column2002_d2553f-bf\"><div class=\"kt-inside-inner-col\"><style>.wp-block-kadence-advancedheading.kt-adv-heading2002_927871-c4, .wp-block-kadence-advancedheading.kt-adv-heading2002_927871-c4[data-kb-block=\"kb-adv-heading2002_927871-c4\"]{text-align:center;font-style:normal;}.wp-block-kadence-advancedheading.kt-adv-heading2002_927871-c4 mark.kt-highlight, .wp-block-kadence-advancedheading.kt-adv-heading2002_927871-c4[data-kb-block=\"kb-adv-heading2002_927871-c4\"] mark.kt-highlight{font-style:normal;color:#f76a0c;-webkit-box-decoration-break:clone;box-decoration-break:clone;padding-top:0px;padding-right:0px;padding-bottom:0px;padding-left:0px;}<\/style>\n<h2 class=\"kt-adv-heading2002_927871-c4 wp-block-kadence-advancedheading has-theme-palette-7-color has-text-color\" data-kb-block=\"kb-adv-heading2002_927871-c4\">Policies<\/h2>\n\n\n<style>.wp-block-kadence-advancedheading.kt-adv-heading2002_b48a6e-f0, .wp-block-kadence-advancedheading.kt-adv-heading2002_b48a6e-f0[data-kb-block=\"kb-adv-heading2002_b48a6e-f0\"]{text-align:center;font-style:normal;}.wp-block-kadence-advancedheading.kt-adv-heading2002_b48a6e-f0 mark.kt-highlight, .wp-block-kadence-advancedheading.kt-adv-heading2002_b48a6e-f0[data-kb-block=\"kb-adv-heading2002_b48a6e-f0\"] mark.kt-highlight{font-style:normal;color:#f76a0c;-webkit-box-decoration-break:clone;box-decoration-break:clone;padding-top:0px;padding-right:0px;padding-bottom:0px;padding-left:0px;}<\/style>\n<p class=\"kt-adv-heading2002_b48a6e-f0 wp-block-kadence-advancedheading has-theme-palette-7-color has-text-color\" data-kb-block=\"kb-adv-heading2002_b48a6e-f0\"><\/p>\n<\/div><\/div>\n\n<\/div><\/div>\n\n<style>.kb-row-layout-id2002_a0f1b5-1e > .kt-row-column-wrap{align-content:start;}:where(.kb-row-layout-id2002_a0f1b5-1e > .kt-row-column-wrap) > .wp-block-kadence-column{justify-content:start;}.kb-row-layout-id2002_a0f1b5-1e > .kt-row-column-wrap{column-gap:var(--global-kb-gap-md, 2rem);row-gap:200px;max-width:2000px;margin-left:auto;margin-right:auto;padding-top:var(--global-kb-spacing-xxl, 5rem);padding-bottom:var(--global-kb-spacing-5xl, 10rem);grid-template-columns:minmax(0, 1fr);}.kb-row-layout-id2002_a0f1b5-1e > .kt-row-layout-overlay{opacity:0.85;background-image:url('http:\/\/hotel1036.com\/wp-content\/uploads\/2021\/09\/texture.png');background-size:contain;background-position:98% 25%;background-attachment:scroll;background-repeat:repeat;mix-blend-mode:overlay;}@media all and (max-width: 1024px){.kb-row-layout-id2002_a0f1b5-1e > .kt-row-column-wrap{grid-template-columns:minmax(0, 1fr);}}@media all and (max-width: 767px){.kb-row-layout-id2002_a0f1b5-1e > .kt-row-column-wrap{grid-template-columns:minmax(0, 1fr);}}<\/style><div class=\"kb-row-layout-wrap kb-row-layout-id2002_a0f1b5-1e alignfull has-theme-palette9-background-color kt-row-has-bg wp-block-kadence-rowlayout\"><div class=\"kt-row-layout-overlay kt-row-overlay-normal\"><\/div><div class=\"kt-row-column-wrap kt-has-1-columns kt-row-layout-equal kt-tab-layout-inherit kt-mobile-layout-row kt-row-valign-top\">\n<style>.kadence-column2002_eb2c14-78 > .kt-inside-inner-col{display:flex;}.kadence-column2002_eb2c14-78, .wp-block-kadence-column.kb-section-dir-horizontal > .kt-inside-inner-col > .kadence-column2002_eb2c14-78{flex-grow:97;}.kadence-column2002_eb2c14-78 > .kt-inside-inner-col{height:100%;}.kadence-column2002_eb2c14-78 > .kt-inside-inner-col,.kadence-column2002_eb2c14-78 > .kt-inside-inner-col:before{border-top-left-radius:0px;border-top-right-radius:0px;border-bottom-right-radius:0px;border-bottom-left-radius:0px;}.kadence-column2002_eb2c14-78 > .kt-inside-inner-col{row-gap:64px;column-gap:var(--global-kb-gap-sm, 1rem);}.kadence-column2002_eb2c14-78 > .kt-inside-inner-col{flex-direction:column;align-items:stretch;}.kadence-column2002_eb2c14-78 > .kt-inside-inner-col > .kb-image-is-ratio-size{align-self:stretch;}.kadence-column2002_eb2c14-78 > .kt-inside-inner-col > .wp-block-kadence-advancedgallery{align-self:stretch;}.kadence-column2002_eb2c14-78 > .kt-inside-inner-col > .aligncenter{width:100%;}.kadence-column2002_eb2c14-78 > .kt-inside-inner-col:before{opacity:0.3;}.kadence-column2002_eb2c14-78{text-align:center;}.kadence-column2002_eb2c14-78{position:relative;}@media all and (max-width: 1024px){.kadence-column2002_eb2c14-78 > .kt-inside-inner-col{flex-direction:column;justify-content:center;align-items:stretch;}}@media all and (max-width: 767px){.kadence-column2002_eb2c14-78 > .kt-inside-inner-col{flex-direction:column;justify-content:center;align-items:stretch;}}<\/style>\n<section class=\"wp-block-kadence-column kadence-column2002_eb2c14-78 kb-section-dir-vertical\"><div class=\"kt-inside-inner-col\"><style>.kb-row-layout-id2002_720562-85 > .kt-row-column-wrap{align-content:center;}:where(.kb-row-layout-id2002_720562-85 > .kt-row-column-wrap) > .wp-block-kadence-column{justify-content:center;}.kb-row-layout-id2002_720562-85 > .kt-row-column-wrap{column-gap:var(--global-kb-gap-md, 2rem);row-gap:var(--global-kb-gap-lg, 4rem);max-width:719px;margin-left:auto;margin-right:auto;padding-top:var(--global-kb-spacing-3xl, 6.5rem);grid-template-columns:minmax(0, 1fr);}.kb-row-layout-id2002_720562-85 > .kt-row-layout-overlay{opacity:0.30;background-color:var(--global-palette2, #2B6CB0);mix-blend-mode:screen;}@media all and (max-width: 1024px){.kb-row-layout-id2002_720562-85 > .kt-row-column-wrap{grid-template-columns:minmax(0, 1fr);}}@media all and (max-width: 767px){.kb-row-layout-id2002_720562-85 > .kt-row-column-wrap{grid-template-columns:minmax(0, 1fr);}}<\/style><div class=\"kb-row-layout-wrap kb-row-layout-id2002_720562-85 alignnone kt-row-has-bg wp-block-kadence-rowlayout\"><div class=\"kt-row-layout-overlay kt-row-overlay-normal\"><\/div><div class=\"kt-row-column-wrap kt-has-1-columns kt-row-layout-equal kt-tab-layout-inherit kt-mobile-layout-row kt-row-valign-middle\">\n<style>.kadence-column2002_6c88b9-8b > .kt-inside-inner-col,.kadence-column2002_6c88b9-8b > .kt-inside-inner-col:before{border-top-left-radius:0px;border-top-right-radius:0px;border-bottom-right-radius:0px;border-bottom-left-radius:0px;}.kadence-column2002_6c88b9-8b > .kt-inside-inner-col{column-gap:var(--global-kb-gap-sm, 1rem);}.kadence-column2002_6c88b9-8b > .kt-inside-inner-col{flex-direction:column;}.kadence-column2002_6c88b9-8b > .kt-inside-inner-col > .aligncenter{width:100%;}.kadence-column2002_6c88b9-8b > .kt-inside-inner-col:before{opacity:0.3;}.kadence-column2002_6c88b9-8b{position:relative;}@media all and (max-width: 1024px){.kadence-column2002_6c88b9-8b > .kt-inside-inner-col{flex-direction:column;justify-content:center;}}@media all and (max-width: 767px){.kadence-column2002_6c88b9-8b > .kt-inside-inner-col{flex-direction:column;justify-content:center;}}<\/style>\n<div class=\"wp-block-kadence-column kadence-column2002_6c88b9-8b\"><div class=\"kt-inside-inner-col\">\n<p><strong>Additional Guest<\/strong><\/p>\n\n\n\n<p>Is the person who is hosting for the entire stay is included in the booking.<br>\u2714 Rate of additional guest: $130.000 COP + VAT per night.<\/p>\n\n\n\n<p>Guest Casual<\/p>\n\n\n\n<p>It is the entrant, only for a short period of time to the room.<br>\u2714 Rate guest casual: USD $100 + VAT per entry.<\/p>\n\n\n\n<p><strong>No pets allowed <\/strong><\/p>\n\n\n\n<p>-Agradecemos tu comprensi\u00f3n y apoyo para mantener una operaci\u00f3n segura y organizada.<br>Nuestro equipo est\u00e1 disponible para resolver cualquier duda.<\/p>\n<\/div><\/div>\n\n\n<style>.kadence-column2002_7166dd-f5 > .kt-inside-inner-col,.kadence-column2002_7166dd-f5 > .kt-inside-inner-col:before{border-top-left-radius:0px;border-top-right-radius:0px;border-bottom-right-radius:0px;border-bottom-left-radius:0px;}.kadence-column2002_7166dd-f5 > .kt-inside-inner-col{column-gap:var(--global-kb-gap-sm, 1rem);}.kadence-column2002_7166dd-f5 > .kt-inside-inner-col{flex-direction:column;}.kadence-column2002_7166dd-f5 > .kt-inside-inner-col > .aligncenter{width:100%;}.kadence-column2002_7166dd-f5 > .kt-inside-inner-col:before{opacity:0.3;}.kadence-column2002_7166dd-f5{position:relative;}@media all and (max-width: 1024px){.kadence-column2002_7166dd-f5 > .kt-inside-inner-col{flex-direction:column;justify-content:center;}}@media all and (max-width: 767px){.kadence-column2002_7166dd-f5 > .kt-inside-inner-col{flex-direction:column;justify-content:center;}}<\/style>\n<div class=\"wp-block-kadence-column kadence-column2002_7166dd-f5\"><div class=\"kt-inside-inner-col\"><\/div><\/div>\n\n\n<style>.kadence-column2002_eebcf6-65 > .kt-inside-inner-col,.kadence-column2002_eebcf6-65 > .kt-inside-inner-col:before{border-top-left-radius:0px;border-top-right-radius:0px;border-bottom-right-radius:0px;border-bottom-left-radius:0px;}.kadence-column2002_eebcf6-65 > .kt-inside-inner-col{column-gap:var(--global-kb-gap-sm, 1rem);}.kadence-column2002_eebcf6-65 > .kt-inside-inner-col{flex-direction:column;}.kadence-column2002_eebcf6-65 > .kt-inside-inner-col > .aligncenter{width:100%;}.kadence-column2002_eebcf6-65 > .kt-inside-inner-col:before{opacity:0.3;}.kadence-column2002_eebcf6-65{position:relative;}@media all and (max-width: 1024px){.kadence-column2002_eebcf6-65 > .kt-inside-inner-col{flex-direction:column;justify-content:center;}}@media all and (max-width: 767px){.kadence-column2002_eebcf6-65 > .kt-inside-inner-col{flex-direction:column;justify-content:center;}}<\/style>\n<div class=\"wp-block-kadence-column kadence-column2002_eebcf6-65\"><div class=\"kt-inside-inner-col\"><\/div><\/div>\n\n<\/div><\/div><\/div><\/section>\n\n<\/div><\/div>","protected":false},"excerpt":{"rendered":"<p>Politicas Hu\u00e9sped Adicional Es la persona que se aloja durante toda la estad\u00eda incluida en la reserva.\u2714 Tarifa de hu\u00e9sped adicional: $130.000 COP + IVA por noche. Hu\u00e9sped Ocasional Es&#8230;<\/p>","protected":false},"author":4,"featured_media":0,"parent":0,"menu_order":0,"comment_status":"closed","ping_status":"closed","template":"","meta":{"_kad_blocks_custom_css":"","_kad_blocks_head_custom_js":"","_kad_blocks_body_custom_js":"","_kad_blocks_footer_custom_js":"","_EventAllDay":false,"_EventTimezone":"","_EventStartDate":"","_EventEndDate":"","_EventStartDateUTC":"","_EventEndDateUTC":"","_EventShowMap":false,"_EventShowMapLink":false,"_EventURL":"","_EventCost":"","_EventCostDescription":"","_EventCurrencySymbol":"","_EventCurrencyCode":"","_EventCurrencyPosition":"","_EventDateTimeSeparator":"","_EventTimeRangeSeparator":"","_EventOrganizerID":[],"_EventVenueID":[],"_OrganizerEmail":"","_OrganizerPhone":"","_OrganizerWebsite":"","_VenueAddress":"","_VenueCity":"","_VenueCountry":"","_VenueProvince":"","_VenueState":"","_VenueZip":"","_VenuePhone":"","_VenueURL":"","_VenueStateProvince":"","_VenueLat":"","_VenueLng":"","_VenueShowMap":false,"_VenueShowMapLink":false,"_kad_post_transparent":"","_kad_post_title":"","_kad_post_layout":"","_kad_post_sidebar_id":"","_kad_post_content_style":"","_kad_post_vertical_padding":"","_kad_post_feature":"","_kad_post_feature_position":"","_kad_post_header":false,"_kad_post_footer":false,"_kad_post_classname":"","_joinchat":[],"footnotes":""},"class_list":["post-2002","page","type-page","status-publish","hentry"],"taxonomy_info":[],"featured_image_src_large":false,"author_info":{"display_name":"acw","author_link":"https:\/\/dieztreintayseis.com\/en\/author\/acw\/"},"comment_info":0,"_links":{"self":[{"href":"https:\/\/dieztreintayseis.com\/en\/wp-json\/wp\/v2\/pages\/2002","targetHints":{"allow":["GET"]}}],"collection":[{"href":"https:\/\/dieztreintayseis.com\/en\/wp-json\/wp\/v2\/pages"}],"about":[{"href":"https:\/\/dieztreintayseis.com\/en\/wp-json\/wp\/v2\/types\/page"}],"author":[{"embeddable":true,"href":"https:\/\/dieztreintayseis.com\/en\/wp-json\/wp\/v2\/users\/4"}],"replies":[{"embeddable":true,"href":"https:\/\/dieztreintayseis.com\/en\/wp-json\/wp\/v2\/comments?post=2002"}],"version-history":[{"count":9,"href":"https:\/\/dieztreintayseis.com\/en\/wp-json\/wp\/v2\/pages\/2002\/revisions"}],"predecessor-version":[{"id":2331,"href":"https:\/\/dieztreintayseis.com\/en\/wp-json\/wp\/v2\/pages\/2002\/revisions\/2331"}],"wp:attachment":[{"href":"https:\/\/dieztreintayseis.com\/en\/wp-json\/wp\/v2\/media?parent=2002"}],"curies":[{"name":"wp","href":"https:\/\/api.w.org\/{rel}","templated":true}]}}